{"id":72,"date":"2020-07-23T21:10:21","date_gmt":"2020-07-23T21:10:21","guid":{"rendered":"https:\/\/aeroclubparana.org.ar\/web\/?page_id=72"},"modified":"2025-06-21T01:00:26","modified_gmt":"2025-06-21T01:00:26","slug":"historia","status":"publish","type":"page","link":"https:\/\/aeroclubparana.org.ar\/web\/index.php\/historia\/","title":{"rendered":"Historia"},"content":{"rendered":"\n<p>Han pasado muchos a\u00f1os, y los que hoy seguimos los pasos de aquellos luchadores del cuarenta, queremos recordarlos como as\u00ed tambi\u00e9n los grandes proyectos que fueron hechos realidad, para orgullo de una \u00e9poca.<\/p>\n\n\n\n<h2 class=\"wp-block-heading\">De nuestros albores&#8230;<\/h2>\n\n\n\n<p><a href=\"https:\/\/aeroclubparana.org.ar\/web\/wp-content\/uploads\/2020\/07\/Revistahistorica.pdf\">Los invitamos a leer este PDF de una revista de \u00e9poca, donde se detallan algunas de las viviencias de nuestros socios en los inicios de nuestra quer\u00edda instituci\u00f3n. (clic aqu\u00ed)<\/a><\/p>\n\n\n\n<h2 class=\"wp-block-heading\">Nuestra historia<\/h2>\n\n\n\n<p>El <strong><em>Aeroclub Ciudad de Paran\u00e1<\/em><\/strong>, tuvo su origen cuando un grupo de fan\u00e1ticos de la actividad aeron\u00e1utica, tras largas horas de charlas en el Club de Aeromodelistas, que funcionaba en calle 9 de julio, entre Gualeguaych\u00fa y Alem all\u00e1 por el a\u00f1o 1938, coincidieron en la necesidad de crear un Club m\u00e1s amplio para desarrollar vuelos con motor, y que estuviera acorde con los adelantos de esos tiempos.<\/p>\n\n\n<div class=\"wp-block-image\">\n<figure class=\"alignright size-large\"><img loading=\"lazy\" decoding=\"async\" width=\"300\" height=\"248\" src=\"https:\/\/aeroclubparana.org.ar\/web\/wp-content\/uploads\/2020\/07\/historia_1-300x248-1.jpg\" alt=\"\" class=\"wp-image-73\"\/><\/figure><\/div>\n\n\n<p>All\u00ed se form\u00f3 la primera comisi\u00f3n provisoria que fue integrada por los Se\u00f1ores <em>G. A. Tealdo<\/em> y el <em>Ing. Enrique Parodi<\/em>, como Presidente y Vice respectivamente y nombres para recordar como<em> A. Cambaceres<\/em>, <em>Tulio de la Puente<\/em> y en especial a uno de los primeros pilotos que tuvo la instituci\u00f3n, <em>A. Farias<\/em>, hombres que trabajaron en esta comisi\u00f3n provisoria, que tuvo otra instancia a mediados de diciembre de 1940, siendo el viejo <em>Cine Select<\/em> el lugar de convocatoria para la nueva comisi\u00f3n ampliada, la que fijar\u00eda los estatutos que dar\u00eda cuerpo legislativo a la comisi\u00f3n, realiz\u00e1ndose la Asamblea que designar\u00eda en forma definitiva y proclamara , el 26 de Enero de 1941, en el Teatro 3 de Febrero, a qui\u00e9n desde el primer momento trabaj\u00f3 denodadamente para que fuera realidad el anhelado proyecto de un Aero Club en Paran\u00e1, Don<em> A. G. Tealdo<\/em>, acompa\u00f1ado por <em>E. Gambino<\/em> en la Vicepresidencia. Esta comisi\u00f3n dur\u00f3 hasta el mes de mayo de ese mismo a\u00f1o, cuando se reorganiz\u00f3 la Comisi\u00f3n Directiva, y de ah\u00ed en mas fue presidida por el <em>Ing. Enrique Parodi<\/em>. Al conseguirse Personer\u00eda Jur\u00eddica, en forma inmediata se arrienda el campo y se construye el Aer\u00f3dromo <em>3 B 1<\/em>, de ah\u00ed en m\u00e1s se trabaja en la construcci\u00f3n del primer hangar, sede social etc.<\/p>\n\n\n<div class=\"wp-block-image\">\n<figure class=\"alignleft size-large\"><img loading=\"lazy\" decoding=\"async\" width=\"300\" height=\"172\" src=\"https:\/\/aeroclubparana.org.ar\/web\/wp-content\/uploads\/2020\/07\/historia_6-300x172-1.jpg\" alt=\"\" class=\"wp-image-74\"\/><\/figure><\/div>\n\n\n<p>Todo el proyecto estaba en marcha, pero faltaba lo m\u00e1s importante, los aviones que dar\u00edan vida a la instituci\u00f3n. La noticia reci\u00e9n lleg\u00f3 el 12 de Junio de 1942, seg\u00fan una hist\u00f3rica publicaci\u00f3n del <strong>Aeroclub<\/strong>, cuando la <strong><em>Junta Argentina de Aviaci\u00f3n<\/em><\/strong> con el objeto de formar 5.000 pilotos, ofrece dos aviones Piper Cubs, los que sin dudar fueron aceptados.<\/p>\n\n\n\n<p>Un cable telegr\u00e1fico del 24 de junio de 1942, dec\u00eda: \u201c<strong>Env\u00ede pilotos, s\u00e1bado 27 para recibir y conducir aviones provistos por esta Junta Argentina de Aviaci\u00f3n.\u201d<\/strong> Los aviones Piper Cubs fueron bautizados con los nombres<strong><em> Teniente Origone<\/em><\/strong> y <strong><em>Coronel Zanni<\/em><\/strong>, las m\u00e1quinas fueron tra\u00eddas en vuelo desde San Fernando, a la Base General J. J. de Urquiza, llegando el 28 de Junio de 1942 a la hora 16. Fueron pilotos de esta aventura, <em>G\u00f3mez y Perlo<\/em>, los que fueron recibidos con entusiasmo y emoci\u00f3n por autoridades y p\u00fablico en general. Estos aviones se tuvieron que guardar en la Base, ya que todav\u00eda no estaba terminado el Hangar en el Aeroclub. Una fecha para recordar, <strong>22 de Octubre de 1942<\/strong>, fue un d\u00eda de fiesta ya que el <strong>Aeroclub <\/strong>abr\u00eda sus puertas para mostrar el anhelado proyecto de <strong>una sede propia.<\/strong> Y fueron pasando los a\u00f1os, se renovaron hombres y m\u00e1quinas, la escuela de pilotos recibe permanentemente a j\u00f3venes ilusionados con una carrera que tendr\u00e1 sus frutos de acuerdo a las ganas, el sacrificio y el empe\u00f1o  puesto en cada vuelo.<\/p>\n\n\n<div class=\"wp-block-image\">\n<figure class=\"alignright size-large\"><img loading=\"lazy\" decoding=\"async\" width=\"202\" height=\"300\" src=\"https:\/\/aeroclubparana.org.ar\/web\/wp-content\/uploads\/2020\/07\/historia_4-202x300-1.jpg\" alt=\"\" class=\"wp-image-75\"\/><\/figure><\/div>\n\n\n<p>Hoy hombres que pasaron por esta Escuela son los Comandantes y Pilotos de aeronaves comerciales de Empresas importantes del pa\u00eds. Los aviones<strong>\u00a0Piper PA38 Tomahawk y Cessna C152 y Cessna C172<\/strong>, est\u00e1n esperando a hombres y mujeres, que sientan el deseo de romper la inercia y echarse a volar. El Aeroclub Ciudad de Paran\u00e1, sito en la Ruta Nac. N\u00ba 12 Km 18, tiene las puestas abiertas, para los fan\u00e1ticos de los aviones y los vuelos, como as\u00ed tambi\u00e9n, para aquellos que solo sientan el deseo de pasar un momento agradable en un lugar privilegiado de la Ciudad. Todos los d\u00edas, principalmente los s\u00e1bados, Domingos y Feriados, la familia comparte el tradicional mate o el cl\u00e1sico asado del fin de semana y por que no alg\u00fan acontecimiento que sirva de pretexto para reunir a los amigos y familiares. As\u00ed es hoy nuestra Instituci\u00f3n, en la que podr\u00e1n ver a j\u00f3venes alumnos de la escuela de pilotos en una charla cordial con aquellos experimentados pilotos que con su experiencia aportan, en la formaci\u00f3n de nuevos pilotos.<\/p>\n\n\n\n<p>A aquellos hombres luchadores del \u201940 y por una actividad apasionante como la aviaci\u00f3n, queremos rendir un profundo agradecimiento. Sus nombres tendr\u00e1n un lugar de privilegio en cada coraz\u00f3n agradecido de quienes tenemos la posibilidad de dar potencia, despegarlos del suelo y echarnos a volar, en b\u00fasqueda de palpitantes aventuras, en un horizonte de paisajes que por suerte podemos observar.<\/p>\n\n\n<div class=\"wp-block-image\">\n<figure class=\"alignleft size-large\"><img loading=\"lazy\" decoding=\"async\" width=\"300\" height=\"211\" src=\"https:\/\/aeroclubparana.org.ar\/web\/wp-content\/uploads\/2020\/07\/historia_2-300x211-1.jpg\" alt=\"\" class=\"wp-image-77\"\/><\/figure><\/div>\n\n\n<p>La invitaci\u00f3n es la de siempre, en este lugar, <strong>Ruta Nac.12 Km.18<\/strong>. Si siente curiosidad por esta actividad, ac\u00e9rquese que para todo integrante de esta Instituci\u00f3n ser\u00e1 un placer compartir un grato momento con el visitante.<\/p>\n\n\n\n<p>Por \u00faltimo ponemos a disposici\u00f3n de la comunidad Paranaense y de la Provincia toda, la <strong>Escuela de Vuelo del Aeroclub,<\/strong> habilitada para los cursos de<strong><em> Piloto Privado de Avi\u00f3n, Piloto Comercial de Avi\u00f3n, y Habilitaci\u00f3n de Vuelo por Instrumentos.<\/em><\/strong><\/p>\n","protected":false},"excerpt":{"rendered":"<p>Han pasado muchos a\u00f1os, y los que hoy seguimos los pasos de aquellos luchadores del cuarenta, queremos recordarlos como as\u00ed tambi\u00e9n los grandes proyectos que fueron hechos realidad, para orgullo de una \u00e9poca. De nuestros albores&#8230; Los invitamos a leer este PDF de una revista de \u00e9poca, donde se detallan algunas de las viviencias de [&hellip;]<\/p>\n","protected":false},"author":1,"featured_media":0,"parent":0,"menu_order":0,"comment_status":"closed","ping_status":"closed","template":"","meta":{"_et_pb_use_builder":"off","_et_pb_old_content":"","_et_gb_content_width":"","footnotes":""},"class_list":["post-72","page","type-page","status-publish","hentry"],"yoast_head":"<!-- This site is optimized with the Yoast SEO plugin v22.8 - https:\/\/yoast.com\/wordpress\/plugins\/seo\/ -->\n<title>Historia - Aeroclub Ciudad de Paran\u00e1<\/title>\n<meta name=\"robots\" content=\"index, follow, max-snippet:-1, max-image-preview:large, max-video-preview:-1\" \/>\n<link rel=\"canonical\" href=\"https:\/\/aeroclubparana.org.ar\/web\/index.php\/historia\/\" \/>\n<meta property=\"og:locale\" content=\"es_ES\" \/>\n<meta property=\"og:type\" content=\"article\" \/>\n<meta property=\"og:title\" content=\"Historia - Aeroclub Ciudad de Paran\u00e1\" \/>\n<meta property=\"og:description\" content=\"Han pasado muchos a\u00f1os, y los que hoy seguimos los pasos de aquellos luchadores del cuarenta, queremos recordarlos como as\u00ed tambi\u00e9n los grandes proyectos que fueron hechos realidad, para orgullo de una \u00e9poca. De nuestros albores&#8230; Los invitamos a leer este PDF de una revista de \u00e9poca, donde se detallan algunas de las viviencias de [&hellip;]\" \/>\n<meta property=\"og:url\" content=\"https:\/\/aeroclubparana.org.ar\/web\/index.php\/historia\/\" \/>\n<meta property=\"og:site_name\" content=\"Aeroclub Ciudad de Paran\u00e1\" \/>\n<meta property=\"article:modified_time\" content=\"2025-06-21T01:00:26+00:00\" \/>\n<meta property=\"og:image\" content=\"https:\/\/aeroclubparana.org.ar\/web\/wp-content\/uploads\/2020\/07\/historia_1-300x248-1.jpg\" \/>\n<meta name=\"twitter:card\" content=\"summary_large_image\" \/>\n<meta name=\"twitter:label1\" content=\"Tiempo de lectura\" \/>\n\t<meta name=\"twitter:data1\" content=\"5 minutos\" \/>\n<script type=\"application\/ld+json\" class=\"yoast-schema-graph\">{\"@context\":\"https:\/\/schema.org\",\"@graph\":[{\"@type\":\"WebPage\",\"@id\":\"https:\/\/aeroclubparana.org.ar\/web\/index.php\/historia\/\",\"url\":\"https:\/\/aeroclubparana.org.ar\/web\/index.php\/historia\/\",\"name\":\"Historia - Aeroclub Ciudad de Paran\u00e1\",\"isPartOf\":{\"@id\":\"https:\/\/aeroclubparana.org.ar\/web\/#website\"},\"primaryImageOfPage\":{\"@id\":\"https:\/\/aeroclubparana.org.ar\/web\/index.php\/historia\/#primaryimage\"},\"image\":{\"@id\":\"https:\/\/aeroclubparana.org.ar\/web\/index.php\/historia\/#primaryimage\"},\"thumbnailUrl\":\"https:\/\/aeroclubparana.org.ar\/web\/wp-content\/uploads\/2020\/07\/historia_1-300x248-1.jpg\",\"datePublished\":\"2020-07-23T21:10:21+00:00\",\"dateModified\":\"2025-06-21T01:00:26+00:00\",\"breadcrumb\":{\"@id\":\"https:\/\/aeroclubparana.org.ar\/web\/index.php\/historia\/#breadcrumb\"},\"inLanguage\":\"es\",\"potentialAction\":[{\"@type\":\"ReadAction\",\"target\":[\"https:\/\/aeroclubparana.org.ar\/web\/index.php\/historia\/\"]}]},{\"@type\":\"ImageObject\",\"inLanguage\":\"es\",\"@id\":\"https:\/\/aeroclubparana.org.ar\/web\/index.php\/historia\/#primaryimage\",\"url\":\"https:\/\/aeroclubparana.org.ar\/web\/wp-content\/uploads\/2020\/07\/historia_1-300x248-1.jpg\",\"contentUrl\":\"https:\/\/aeroclubparana.org.ar\/web\/wp-content\/uploads\/2020\/07\/historia_1-300x248-1.jpg\",\"width\":300,\"height\":248},{\"@type\":\"BreadcrumbList\",\"@id\":\"https:\/\/aeroclubparana.org.ar\/web\/index.php\/historia\/#breadcrumb\",\"itemListElement\":[{\"@type\":\"ListItem\",\"position\":1,\"name\":\"Home\",\"item\":\"https:\/\/aeroclubparana.org.ar\/web\/\"},{\"@type\":\"ListItem\",\"position\":2,\"name\":\"Historia\"}]},{\"@type\":\"WebSite\",\"@id\":\"https:\/\/aeroclubparana.org.ar\/web\/#website\",\"url\":\"https:\/\/aeroclubparana.org.ar\/web\/\",\"name\":\"Aeroclub Ciudad de Paran\u00e1\",\"description\":\"\",\"potentialAction\":[{\"@type\":\"SearchAction\",\"target\":{\"@type\":\"EntryPoint\",\"urlTemplate\":\"https:\/\/aeroclubparana.org.ar\/web\/?s={search_term_string}\"},\"query-input\":\"required name=search_term_string\"}],\"inLanguage\":\"es\"}]}<\/script>\n<!-- \/ Yoast SEO plugin. -->","yoast_head_json":{"title":"Historia - Aeroclub Ciudad de Paran\u00e1","robots":{"index":"index","follow":"follow","max-snippet":"max-snippet:-1","max-image-preview":"max-image-preview:large","max-video-preview":"max-video-preview:-1"},"canonical":"https:\/\/aeroclubparana.org.ar\/web\/index.php\/historia\/","og_locale":"es_ES","og_type":"article","og_title":"Historia - Aeroclub Ciudad de Paran\u00e1","og_description":"Han pasado muchos a\u00f1os, y los que hoy seguimos los pasos de aquellos luchadores del cuarenta, queremos recordarlos como as\u00ed tambi\u00e9n los grandes proyectos que fueron hechos realidad, para orgullo de una \u00e9poca. De nuestros albores&#8230; Los invitamos a leer este PDF de una revista de \u00e9poca, donde se detallan algunas de las viviencias de [&hellip;]","og_url":"https:\/\/aeroclubparana.org.ar\/web\/index.php\/historia\/","og_site_name":"Aeroclub Ciudad de Paran\u00e1","article_modified_time":"2025-06-21T01:00:26+00:00","og_image":[{"url":"https:\/\/aeroclubparana.org.ar\/web\/wp-content\/uploads\/2020\/07\/historia_1-300x248-1.jpg"}],"twitter_card":"summary_large_image","twitter_misc":{"Tiempo de lectura":"5 minutos"},"schema":{"@context":"https:\/\/schema.org","@graph":[{"@type":"WebPage","@id":"https:\/\/aeroclubparana.org.ar\/web\/index.php\/historia\/","url":"https:\/\/aeroclubparana.org.ar\/web\/index.php\/historia\/","name":"Historia - Aeroclub Ciudad de Paran\u00e1","isPartOf":{"@id":"https:\/\/aeroclubparana.org.ar\/web\/#website"},"primaryImageOfPage":{"@id":"https:\/\/aeroclubparana.org.ar\/web\/index.php\/historia\/#primaryimage"},"image":{"@id":"https:\/\/aeroclubparana.org.ar\/web\/index.php\/historia\/#primaryimage"},"thumbnailUrl":"https:\/\/aeroclubparana.org.ar\/web\/wp-content\/uploads\/2020\/07\/historia_1-300x248-1.jpg","datePublished":"2020-07-23T21:10:21+00:00","dateModified":"2025-06-21T01:00:26+00:00","breadcrumb":{"@id":"https:\/\/aeroclubparana.org.ar\/web\/index.php\/historia\/#breadcrumb"},"inLanguage":"es","potentialAction":[{"@type":"ReadAction","target":["https:\/\/aeroclubparana.org.ar\/web\/index.php\/historia\/"]}]},{"@type":"ImageObject","inLanguage":"es","@id":"https:\/\/aeroclubparana.org.ar\/web\/index.php\/historia\/#primaryimage","url":"https:\/\/aeroclubparana.org.ar\/web\/wp-content\/uploads\/2020\/07\/historia_1-300x248-1.jpg","contentUrl":"https:\/\/aeroclubparana.org.ar\/web\/wp-content\/uploads\/2020\/07\/historia_1-300x248-1.jpg","width":300,"height":248},{"@type":"BreadcrumbList","@id":"https:\/\/aeroclubparana.org.ar\/web\/index.php\/historia\/#breadcrumb","itemListElement":[{"@type":"ListItem","position":1,"name":"Home","item":"https:\/\/aeroclubparana.org.ar\/web\/"},{"@type":"ListItem","position":2,"name":"Historia"}]},{"@type":"WebSite","@id":"https:\/\/aeroclubparana.org.ar\/web\/#website","url":"https:\/\/aeroclubparana.org.ar\/web\/","name":"Aeroclub Ciudad de Paran\u00e1","description":"","potentialAction":[{"@type":"SearchAction","target":{"@type":"EntryPoint","urlTemplate":"https:\/\/aeroclubparana.org.ar\/web\/?s={search_term_string}"},"query-input":"required name=search_term_string"}],"inLanguage":"es"}]}},"_links":{"self":[{"href":"https:\/\/aeroclubparana.org.ar\/web\/index.php\/wp-json\/wp\/v2\/pages\/72","targetHints":{"allow":["GET"]}}],"collection":[{"href":"https:\/\/aeroclubparana.org.ar\/web\/index.php\/wp-json\/wp\/v2\/pages"}],"about":[{"href":"https:\/\/aeroclubparana.org.ar\/web\/index.php\/wp-json\/wp\/v2\/types\/page"}],"author":[{"embeddable":true,"href":"https:\/\/aeroclubparana.org.ar\/web\/index.php\/wp-json\/wp\/v2\/users\/1"}],"replies":[{"embeddable":true,"href":"https:\/\/aeroclubparana.org.ar\/web\/index.php\/wp-json\/wp\/v2\/comments?post=72"}],"version-history":[{"count":4,"href":"https:\/\/aeroclubparana.org.ar\/web\/index.php\/wp-json\/wp\/v2\/pages\/72\/revisions"}],"predecessor-version":[{"id":2022,"href":"https:\/\/aeroclubparana.org.ar\/web\/index.php\/wp-json\/wp\/v2\/pages\/72\/revisions\/2022"}],"wp:attachment":[{"href":"https:\/\/aeroclubparana.org.ar\/web\/index.php\/wp-json\/wp\/v2\/media?parent=72"}],"curies":[{"name":"wp","href":"https:\/\/api.w.org\/{rel}","templated":true}]}}